{"id":2,"date":"2021-02-11T15:06:47","date_gmt":"2021-02-11T14:06:47","guid":{"rendered":"http:\/\/aucapvert.com\/?page_id=2"},"modified":"2021-03-30T19:15:26","modified_gmt":"2021-03-30T17:15:26","slug":"page-d-exemple","status":"publish","type":"page","link":"http:\/\/aucapvert.com\/?page_id=2","title":{"rendered":"Informations"},"content":{"rendered":"<style type=\"text\/css\">\r\n\t.ads_top_disp{}\r\n\t.ads_top_corner_disp{ float:left; margin:0px 10px 10px 0px; }\r\n\t.ads_first_p_disp{}\r\n\t.ads_bottom_disp{}\r\n\t<\/style>\n<p><strong>Informations<\/strong><\/p>\n\n\n\n<div class=\"wp-block-image\"><figure class=\"alignright is-resized\"><img loading=\"lazy\" src=\"http:\/\/aucapvert.com\/wp-content\/uploads\/2019\/04\/passport-aucapvert.jpg\" alt=\"\" class=\"wp-image-256\" width=\"374\" height=\"240\" srcset=\"http:\/\/aucapvert.com\/wp-content\/uploads\/2019\/04\/passport-aucapvert.jpg 747w, http:\/\/aucapvert.com\/wp-content\/uploads\/2019\/04\/passport-aucapvert-300x193.jpg 300w, http:\/\/aucapvert.com\/wp-content\/uploads\/2019\/04\/passport-aucapvert-233x150.jpg 233w\" sizes=\"(max-width: 374px) 100vw, 374px\" \/><\/figure><\/div>\n\n\n\n<p><strong>Passeport<\/strong>, Visas et Douanes pour entrer dans l\u2019Archipel, le touriste doit poss\u00e9der un passeport et un visa \u00e9mis par le Consulat du Cap-Vert de son pays d\u2019origine (mais il peut \u00e9galement acqu\u00e9rir son visa d\u00e8s son arriv\u00e9e au Cap Vert).Les groupes organis\u00e9s de touristes sont exempt\u00e9s de visas lorsqu\u2019ils pr\u00e9viennent une agence de voyages locale de leur visite. L\u2019entr\u00e9e d\u2019animaux de compagnie, de plantes, d\u2019armes ou de v\u00e9hicules d\u2019importation\ntemporaire est soumise \u00e0 une l\u00e9gislation. Les d\u00e9placements des bateaux de plaisance sont contr\u00f4l\u00e9s par les capitaineries des ports.<\/p>\n\n\n\n<p><strong>Assurances<\/strong> Pour tout impr\u00e9vu, il y a deux compagnies d\u2019assurances dans le pays. Toutes les deux ont des filiales dans les principales \u00eeles. Les assureurs pratiquent plusieurs modalit\u00e9s et couvrent tout le territoire national.<\/p>\n\n\n\n<p><strong>V\u00eatements<\/strong> Etant donn\u00e9 le climat tropical sec, avec une temp\u00e9rature moyenne de 25\u00b0C, il est conseill\u00e9 de pr\u00e9voir des v\u00eatements l\u00e9gers pendant toute l\u2019ann\u00e9e ainsi qu&rsquo;un maillot de bain. Les mois les plus chauds sont juin, juillet, ao\u00fbt et septembre. Un v\u00eatement de laine est n\u00e9cessaire, pendant la saison des vents.<\/p>\n\n\n\n<p><strong>Langue<\/strong> Le cr\u00e9ole est la langue parl\u00e9e dans tout l\u2019archipel, mais le portugais est la langue officielle. Dans les centres urbains et les principaux points touristiques du pays, l\u2019anglais, le fran\u00e7ais, l\u2019espagnol et l\u2019italien sont bien compris par la population.<\/p>\n\n\n\n<div class=\"wp-block-image\"><figure class=\"alignright\"><img loading=\"lazy\" width=\"500\" height=\"333\" src=\"http:\/\/aucapvert.com\/wp-content\/uploads\/2019\/04\/atlas-arsacv.jpg\" alt=\"\" class=\"wp-image-245\" srcset=\"http:\/\/aucapvert.com\/wp-content\/uploads\/2019\/04\/atlas-arsacv.jpg 500w, http:\/\/aucapvert.com\/wp-content\/uploads\/2019\/04\/atlas-arsacv-300x200.jpg 300w, http:\/\/aucapvert.com\/wp-content\/uploads\/2019\/04\/atlas-arsacv-225x150.jpg 225w\" sizes=\"(max-width: 500px) 100vw, 500px\" \/><\/figure><\/div>\n\n\n\n<p><strong>L&rsquo;eau<\/strong> Au Cap-Vert, l\u2019eau est pr\u00e9cieuse, c&rsquo;est la raison pour laquelle toute d\u00e9pense doit \u00eatre \u00e9vit\u00e9e. Pour la consommation, il est conseill\u00e9 de boire l\u2019eau min\u00e9rale. Transports. Les principaux centres urbains\ndisposent d\u2019un r\u00e9seau de transports publics qui garantit les liaisons entrediverses localit\u00e9s. Il existe un bon nombre de taxis (qui disposent de compteurs) et des minibus (commun\u00e9ment appel\u00e9s HIACE). La location de v\u00e9hicules\nest \u00e9galement possible. Itin\u00e9raire et Agences de voyages.\nIl y a plusieurs agences de voyages dans tout le pays qui sont, avec la TACV (Transports A\u00e9riens du Cap-Vert), reli\u00e9es aux op\u00e9rateurs touristiques type TAP, Air Italia et aux autres soci\u00e9t\u00e9s a\u00e9riennes du monde entier.<\/p>\n\n\n\n<p><strong>H\u00e9bergements<\/strong> Il existe des H\u00f4tes 1 et 5 \u00e9toiles et d&rsquo;autres possibilit\u00e9s : pensions, bungalows,\n\u00abaparth\u00f4tels\u00bb. Toutes les \u00eeles disposent d\u2019infrastructures pour l\u2019h\u00e9bergement des touristes. Quelques unit\u00e9s h\u00f4teli\u00e8res acceptent des cartes de cr\u00e9dit internationales leur utilisation tous commerces dans le pays. Les devises restent le choix d\u2019un grand nombre de touristes ce qui n\u2019exclut pas l\u2019utilisation de traveller\u2019s ch\u00e8ques. Le courant \u00e9lectrique est de 220 volts. Aucun adaptateur n\u2019est n\u00e9cessaire pour les appareils import\u00e9s d\u2019Europe.<br>\n<p><strong>Achats et pourboires<\/strong> Les centres urbains offrent plusieurs magasins et aussi des foires avec une vari\u00e9t\u00e9 de produits. Dans ces centres, les supermarch\u00e9s sont bien approvisionn\u00e9s. Les horaires habituels d\u2019ouverture des \u00e9tablissements commerciaux sont les suivants: du lundi au samedi: de 8h00 \u00e0 12h30 puis de 15h00 \u00e0 19h30. En r\u00e8gle g\u00e9n\u00e9rale, le commerce ferme le dimanche, mais quelques supermarch\u00e9s restent ouverts le samedi apr\u00e8s-midi et le dimanche matin. Les stations service sont g\u00e9n\u00e9ralement ouvertes tous les jours de 8h00 \u00e0 22h30. Les pourboires ne sont pas obligatoires, mais restent ouverts \u00e0 l\u2019appr\u00e9ciation de la client\u00e8le).<\/p>\n\n\n\n<p><strong>Monnaie et change<\/strong> L\u2019unit\u00e9 mon\u00e9taire est l\u2019escudo capverdien. Le change peut \u00eatre effectu\u00e9 dans une agence bancaire ou au bureau de change et dans certains h\u00f4tels. L\u2019escudo capverdien a un accord de parit\u00e9 avec l\u2019euro, et sa cotation est fixe:1 euro = 110.265 ECV \u2013 1 USD = 82.906 ECV (taxe du 07\/12\/04 \u2013 source BCV\u00b0 Horaires d\u2019ouverture des banques: du lundi au vendredi: 8h00\/15h00<br>\n<p><strong>Poste et t\u00e9l\u00e9communications<\/strong> Les \u00e9volutions technologiques permettent la communication directe de n\u2019importe quel point du pays vers le monde entier, soit par t\u00e9l\u00e9phone, fax ou internet. Le r\u00e9seau mobile couvre tout le pays ; il est possible d&rsquo;acheter des cartes pour les portables. Toutes les \u00eeles sont largement \u00e9quip\u00e9es de cabines t\u00e9l\u00e9phoniques \u00e0 cartes. Toutes les \u00eeles poss\u00e8dent un bureau de poste qui garantit un service postal rapide et efficace, notamment \u00e0 travers l\u2019Express Mail Service. <br>\n<p><strong>H\u00f4pitaux et Pharmacies<\/strong> Au Cap-Vert, on peut trouver des postes de sant\u00e9 et des centres de sant\u00e9, si n\u00e9cessaire, et des h\u00f4pitaux dans les principaux centres urbains. Il existe aussi des pharmacies ou des magasins\n de vente de m\u00e9dicaments dans toutes les municipalit\u00e9s.\n\n\n<p><strong>Vaccin et risques sanitaire<\/strong> Le Cap-Vert ne pr\u00e9sente pas de risques sanitaires particuliers et aucun vaccin n\u2019est obligatoire, cependant n\u2019oubliez pas les rappels de vaccins \u00ab universels \u00bb (t\u00e9tanos, poliomy\u00e9lite, dipht\u00e9rie). Les vaccins contre les h\u00e9patites A et B, ainsi que celui contre la fi\u00e8vre typho\u00efde sont conseill\u00e9s. Pas de danger li\u00e9 \u00e0 des insectes ou autres animaux dangereux \u00e0 l\u2019exception de la scolopendre (mille-pattes venimeux). Quelques cas de paludisme ont \u00e9t\u00e9 signal\u00e9s sur l\u2019\u00eele de Santiago, en saison des pluies et un premier mort a \u00e9t\u00e9 d\u00e9plor\u00e9 \u00e0 Praia. Le traitement anti-paludisme ne para\u00eet pas encore n\u00e9cessaire, car la prolif\u00e9ration des moustiques reste limit\u00e9e, mais si vous voyagez l\u2019\u00e9t\u00e9, pr\u00e9voir une bonne protection anti-moustiques. Le sida a fait son apparition et se d\u00e9veloppe rapidement. Le gouvernement vient de mettre en place une grande campagne d\u2019information et de protection. Du c\u00f4t\u00e9 toxicologique, le crack a lui aussi fait une apparition fulgurante et des pancartes anti-drogue placardent les murs des villes. On signale fin 2009 une multiplication des cas de dengue.<\/p>\n<p><!-- \/wp:paragraph --><\/p>\n<p><!-- wp:paragraph --><\/p>\n<p><strong>S\u00e9curit\u00e9<\/strong> Le peuple capverdien se distingue par son comportement pacifique et sociable; la stabilit\u00e9 et l\u2019absence de conflit dans le pays en sont la preuve. La s\u00e9curit\u00e9 doit seulement \u00eatre r\u00e9gie par l\u2019application des pr\u00e9cautions basiques des normes habituelles de s\u00e9curit\u00e9.<br> F\u00eates et jours f\u00e9ri\u00e9s 1er janvier Jour de l\u2019an; Journ\u00e9e Mondiale de la Paix ; 13 janvier Jour de la D\u00e9mocratie et de la Libert\u00e9 ; 20 janvier Jour des H\u00e9ros<br>\nNationaux ;1<sup>er<\/sup> mai:F\u00eate du Travail ; 5 juillet F\u00eate de l\u2019ind\u00e9pendance ; 15 ao\u00fbt Assomption ; 1<sup>er<\/sup> novembre : Toussaint; 25 d\u00e9cembre : No\u00ebl CREOLE: termes essentiel et phrases utiles \u2026\u2026\u2026\u2026\u2026\u2026\u2026.Ambassade<\/p>\n<p><!-- \/wp:paragraph --><\/p>","protected":false},"excerpt":{"rendered":"<p>Informations Passeport, Visas et Douanes pour entrer dans l\u2019Archipel, le touriste doit poss\u00e9der un passeport et un visa \u00e9mis par le Consulat du Cap-Vert de son pays d\u2019origine (mais il peut \u00e9galement acqu\u00e9rir son visa d\u00e8s son arriv\u00e9e au Cap Vert).Les groupes organis\u00e9s de touristes sont exempt\u00e9s de visas lorsqu\u2019ils pr\u00e9viennent une agence de voyages [&hellip;]<\/p>\n","protected":false},"author":1,"featured_media":245,"parent":0,"menu_order":0,"comment_status":"closed","ping_status":"open","template":"","meta":[],"_links":{"self":[{"href":"http:\/\/aucapvert.com\/index.php?rest_route=\/wp\/v2\/pages\/2"}],"collection":[{"href":"http:\/\/aucapvert.com\/index.php?rest_route=\/wp\/v2\/pages"}],"about":[{"href":"http:\/\/aucapvert.com\/index.php?rest_route=\/wp\/v2\/types\/page"}],"author":[{"embeddable":true,"href":"http:\/\/aucapvert.com\/index.php?rest_route=\/wp\/v2\/users\/1"}],"replies":[{"embeddable":true,"href":"http:\/\/aucapvert.com\/index.php?rest_route=%2Fwp%2Fv2%2Fcomments&post=2"}],"version-history":[{"count":12,"href":"http:\/\/aucapvert.com\/index.php?rest_route=\/wp\/v2\/pages\/2\/revisions"}],"predecessor-version":[{"id":622,"href":"http:\/\/aucapvert.com\/index.php?rest_route=\/wp\/v2\/pages\/2\/revisions\/622"}],"wp:featuredmedia":[{"embeddable":true,"href":"http:\/\/aucapvert.com\/index.php?rest_route=\/wp\/v2\/media\/245"}],"wp:attachment":[{"href":"http:\/\/aucapvert.com\/index.php?rest_route=%2Fwp%2Fv2%2Fmedia&parent=2"}],"curies":[{"name":"wp","href":"https:\/\/api.w.org\/{rel}","templated":true}]}}