{"id":320,"date":"2019-04-09T19:21:35","date_gmt":"2019-04-09T17:21:35","guid":{"rendered":"http:\/\/aucapvert.com\/?page_id=320"},"modified":"2019-04-10T11:28:45","modified_gmt":"2019-04-10T09:28:45","slug":"santo-antao-2","status":"publish","type":"page","link":"http:\/\/aucapvert.com\/?page_id=320","title":{"rendered":"Santo Ant\u00e3o"},"content":{"rendered":"<style type=\"text\/css\">\r\n\t.ads_top_disp{}\r\n\t.ads_top_corner_disp{ float:left; margin:0px 10px 10px 0px; }\r\n\t.ads_first_p_disp{}\r\n\t.ads_bottom_disp{}\r\n\t<\/style>\n<div class=\"wp-block-image\"><figure class=\"alignright\"><img loading=\"lazy\" width=\"331\" height=\"220\" src=\"http:\/\/aucapvert.com\/wp-content\/uploads\/2019\/04\/Povoa\u00e7\u00e3o.jpg\" alt=\"Casa verde\" class=\"wp-image-266\" srcset=\"http:\/\/aucapvert.com\/wp-content\/uploads\/2019\/04\/Povoa\u00e7\u00e3o.jpg 331w, http:\/\/aucapvert.com\/wp-content\/uploads\/2019\/04\/Povoa\u00e7\u00e3o-300x199.jpg 300w, http:\/\/aucapvert.com\/wp-content\/uploads\/2019\/04\/Povoa\u00e7\u00e3o-226x150.jpg 226w\" sizes=\"(max-width: 331px) 100vw, 331px\" \/><\/figure><\/div>\n\n\n\n<ul><li><a href=\"https:\/\/www.airbnb.fr\/rooms\/32855306?location=Santo%20Ant%C3%A3o%2C%20Cap%20Vert&amp;guests=1&amp;adults=1&amp;s=eT4DiVZu\">https:\/\/www.airbnb.fr\/rooms\/32855306?<\/a><\/li><li><a href=\"https:\/\/www.airbnb.fr\/rooms\/32855306?location=Santo%20Ant%C3%A3o%2C%20Cap%20Vert&amp;guests=1&amp;adults=1&amp;s=eT4DiVZu\" target=\"_blank\" rel=\"noreferrer noopener\" aria-label=\" (s\u2019ouvre dans un nouvel onglet)\">A 5 heures de Paris, \u00e0 l\u2019\u00eele du Cap-Vert, Santo Ant\u00e3o, vila ribeira      grande, \u00e0 Povoa\u00e7\u00e3o. Vous avez \u00e0 votre disposition un appartement&nbsp; de 120m2 pour 6 personnes, comprenant 3 grandes chambres tout \u00e9quip\u00e9, salle de bains avec WC, un grand salon avec cuisine ouverte tout \u00e9quip\u00e9 de 50 m2 vous attend. Vous \u00eates pr\u00e8s de Porto Novo, Paul, Ponta do Sol, Ribeira Grande, Ribeira da Torre, id\u00e9al pour      votre escale au Cap-Vert, si vous aimez la campagne, la pratique du sport, mer ou montagne, et bien sur de quoi faire votre shopping. Dans les diff\u00e9rents endroits, des bons petits restaurants sont \u00e0 votre disposition      pour les amateurs de cuisine locale ou une bonne d\u00e9gustation d\u2019un grogue ou ponche la boisson nationale. Naturellement pays chaud oblige une bonne bi\u00e8re Sagres ou Superbok Le choix possible de transports ; collectif ou individuel, d\u2019un coin \u00e0 l\u2019autre de l\u2019\u00eele. Id\u00e9alement plac\u00e9 pour faire escale vers les autres \u00eeles. Contact: 06 37 11 22 13<\/a><\/li><li><a href=\"https:\/\/www.airbnb.fr\/rooms\/32855306?location=Santo%20Ant%C3%A3o%2C%20Cap%20Vert&amp;guests=1&amp;adults=1&amp;s=eT4DiVZu\">Nous vous souhaitons un bon s\u00e9jour.<\/a><\/li><li><\/li><\/ul>\n","protected":false},"excerpt":{"rendered":"<p>https:\/\/www.airbnb.fr\/rooms\/32855306? A 5 heures de Paris, \u00e0 l\u2019\u00eele du Cap-Vert, Santo Ant\u00e3o, vila ribeira grande, \u00e0 Povoa\u00e7\u00e3o. Vous avez \u00e0 votre disposition un appartement&nbsp; de 120m2 pour 6 personnes, comprenant 3 grandes chambres tout \u00e9quip\u00e9, salle de bains avec WC, un grand salon avec cuisine ouverte tout \u00e9quip\u00e9 de 50 m2 vous attend. Vous \u00eates [&hellip;]<\/p>\n","protected":false},"author":1,"featured_media":266,"parent":81,"menu_order":0,"comment_status":"closed","ping_status":"closed","template":"","meta":[],"_links":{"self":[{"href":"http:\/\/aucapvert.com\/index.php?rest_route=\/wp\/v2\/pages\/320"}],"collection":[{"href":"http:\/\/aucapvert.com\/index.php?rest_route=\/wp\/v2\/pages"}],"about":[{"href":"http:\/\/aucapvert.com\/index.php?rest_route=\/wp\/v2\/types\/page"}],"author":[{"embeddable":true,"href":"http:\/\/aucapvert.com\/index.php?rest_route=\/wp\/v2\/users\/1"}],"replies":[{"embeddable":true,"href":"http:\/\/aucapvert.com\/index.php?rest_route=%2Fwp%2Fv2%2Fcomments&post=320"}],"version-history":[{"count":7,"href":"http:\/\/aucapvert.com\/index.php?rest_route=\/wp\/v2\/pages\/320\/revisions"}],"predecessor-version":[{"id":369,"href":"http:\/\/aucapvert.com\/index.php?rest_route=\/wp\/v2\/pages\/320\/revisions\/369"}],"up":[{"embeddable":true,"href":"http:\/\/aucapvert.com\/index.php?rest_route=\/wp\/v2\/pages\/81"}],"wp:featuredmedia":[{"embeddable":true,"href":"http:\/\/aucapvert.com\/index.php?rest_route=\/wp\/v2\/media\/266"}],"wp:attachment":[{"href":"http:\/\/aucapvert.com\/index.php?rest_route=%2Fwp%2Fv2%2Fmedia&parent=320"}],"curies":[{"name":"wp","href":"https:\/\/api.w.org\/{rel}","templated":true}]}}