{"id":50,"date":"2021-01-31T19:51:19","date_gmt":"2021-01-31T18:51:19","guid":{"rendered":"http:\/\/aucapvert.com\/?page_id=50"},"modified":"2021-03-30T17:19:41","modified_gmt":"2021-03-30T15:19:41","slug":"decouverte","status":"publish","type":"page","link":"http:\/\/aucapvert.com\/?page_id=50","title":{"rendered":"D\u00e9couverte"},"content":{"rendered":"<style type=\"text\/css\">\r\n\t.ads_top_disp{}\r\n\t.ads_top_corner_disp{ float:left; margin:0px 10px 10px 0px; }\r\n\t.ads_first_p_disp{}\r\n\t.ads_bottom_disp{}\r\n\t<\/style>\n<p><strong>Comment y arriver:<\/strong><\/p>\n\n\n\n<p>L&rsquo;avion est le moyen le plus utilis\u00e9. Des compagnies a\u00e9riennes proposent le transport direct depuis l\u2019Afrique, l\u2019Europe, l\u2019Am\u00e9rique du Nord et l\u2019Am\u00e9rique du Sud. Les a\u00e9roports l\u2019Ila de Sal, Santiago, S\u00e3o Vicente et Boa Vista, accueillent des passagers du monde entier. L\u2019arriv\u00e9e aux \u00celes par transport maritime est \u00e9galement possible, et il existe des ports dans toutes les \u00eeles. La communication entre les \u00eeles est faite aussi bien par des liaisons maritimes qu&rsquo;a\u00e9riennes, \u00e9tant donn\u00e9 que chaque \u00eeles poss\u00e8dent son propre a\u00e9roport. Passeport, Visas et Douanes<\/p>\n\n\n\n<p><strong>Pour entrer dans l\u2019Archipel<\/strong>, le touriste doit poss\u00e9der un passeport avec une validit\u00e9 d&rsquo;au moins 6 mois apr\u00e8s le retour. Pr\u00e9-enregistrement obligatoire avant le d\u00e9part. En cas de s\u00e9jour de plus d&rsquo;un mois un visa est exig\u00e9, \u00e9mis par le Consulat du Cap-Vert de son pays d\u2019origine, mais il peut \u00e9galement acqu\u00e9rir son visa d\u00e8s son arriv\u00e9e au Cap Vert, ce qui reste \u00e0 l&rsquo;approbation du fonctionnaire sur place et s&rsquo;acquittera d&rsquo;une somme d&rsquo;environ 31\u20ac. Pour les voyageurs ayant s\u00e9journ\u00e9e ou simplement en transite par le Dakar doivent fournir un certificat de vaccination contre la fi\u00e8vre jaune. Pour les autres provenances: Europe, Etats Unis vaccins non obligatoire mais conseill\u00e9s: universel \u00ab\u00a0DTCP\u00a0\u00bb, h\u00e9patite B et A, fi\u00e8vres typho\u00efde <\/p>\n\n\n\n<p>Les groupes organis\u00e9s de touristes sont exempt\u00e9s de visas lorsqu\u2019ils pr\u00e9viennent une agence de voyages locale de leur visite. L\u2019entr\u00e9e d\u2019animaux de compagnie, de plantes, d\u2019armes ou de v\u00e9hicules d\u2019importation temporaire est soumise \u00e0 une l\u00e9gislation. Les d\u00e9placements des bateaux de plaisance sont contr\u00f4l\u00e9s par les capitaineries des ports.<\/p>\n","protected":false},"excerpt":{"rendered":"<p>Comment y arriver: L&rsquo;avion est le moyen le plus utilis\u00e9. Des compagnies a\u00e9riennes proposent le transport direct depuis l\u2019Afrique, l\u2019Europe, l\u2019Am\u00e9rique du Nord et l\u2019Am\u00e9rique du Sud. Les a\u00e9roports l\u2019Ila de Sal, Santiago, S\u00e3o Vicente et Boa Vista, accueillent des passagers du monde entier. L\u2019arriv\u00e9e aux \u00celes par transport maritime est \u00e9galement possible, et il [&hellip;]<\/p>\n","protected":false},"author":1,"featured_media":252,"parent":0,"menu_order":0,"comment_status":"closed","ping_status":"closed","template":"","meta":[],"_links":{"self":[{"href":"http:\/\/aucapvert.com\/index.php?rest_route=\/wp\/v2\/pages\/50"}],"collection":[{"href":"http:\/\/aucapvert.com\/index.php?rest_route=\/wp\/v2\/pages"}],"about":[{"href":"http:\/\/aucapvert.com\/index.php?rest_route=\/wp\/v2\/types\/page"}],"author":[{"embeddable":true,"href":"http:\/\/aucapvert.com\/index.php?rest_route=\/wp\/v2\/users\/1"}],"replies":[{"embeddable":true,"href":"http:\/\/aucapvert.com\/index.php?rest_route=%2Fwp%2Fv2%2Fcomments&post=50"}],"version-history":[{"count":7,"href":"http:\/\/aucapvert.com\/index.php?rest_route=\/wp\/v2\/pages\/50\/revisions"}],"predecessor-version":[{"id":589,"href":"http:\/\/aucapvert.com\/index.php?rest_route=\/wp\/v2\/pages\/50\/revisions\/589"}],"wp:featuredmedia":[{"embeddable":true,"href":"http:\/\/aucapvert.com\/index.php?rest_route=\/wp\/v2\/media\/252"}],"wp:attachment":[{"href":"http:\/\/aucapvert.com\/index.php?rest_route=%2Fwp%2Fv2%2Fmedia&parent=50"}],"curies":[{"name":"wp","href":"https:\/\/api.w.org\/{rel}","templated":true}]}}