{"id":503,"date":"2021-02-11T14:58:03","date_gmt":"2021-02-11T13:58:03","guid":{"rendered":"http:\/\/aucapvert.com\/?page_id=503"},"modified":"2021-03-30T17:56:35","modified_gmt":"2021-03-30T15:56:35","slug":"les-iles","status":"publish","type":"page","link":"http:\/\/aucapvert.com\/?page_id=503","title":{"rendered":"Les Iles"},"content":{"rendered":"<style type=\"text\/css\">\r\n\t.ads_top_disp{}\r\n\t.ads_top_corner_disp{ float:left; margin:0px 10px 10px 0px; }\r\n\t.ads_first_p_disp{}\r\n\t.ads_bottom_disp{}\r\n\t<\/style><p>Climat particuli\u00e8rement agr\u00e9able temp\u00e9rature de 20\u00b0 \u00e0 35\u00b0, vous permettra de faires quelques belles visites et d\u00e9couvertes, les mois le plus chaud entre juin \u00e0 fin ao\u00fbt, le mois de juin et octobre la temp\u00e9rature est cl\u00e9mente d&rsquo;un vent apais\u00e9, la dur\u00e9e du vol est de 6 heures Paris\/Praia (CABRAL), 6 heures Paris\/Mindelo (C\u00e9saria Evora), sensiblement le m\u00eame temps pour Boa Vista.<br \/>\nUne centaine d&rsquo;H\u00f4tes \u00e0 votre disposition, en un clic \u00ab\u00a0TRIVAGO\u00a0\u00bb vous trouvera votre h\u00f4tel dans l&rsquo;\u00eele de votre souhait de 1 \u00e0 5 \u00e9toiles.<\/p>\n","protected":false},"excerpt":{"rendered":"<p>Climat particuli\u00e8rement agr\u00e9able temp\u00e9rature de 20\u00b0 \u00e0 35\u00b0, vous permettra de faires quelques belles visites et d\u00e9couvertes, les mois le plus chaud entre juin \u00e0 fin ao\u00fbt, le mois de juin et octobre la temp\u00e9rature est cl\u00e9mente d&rsquo;un vent apais\u00e9, la dur\u00e9e du vol est de 6 heures Paris\/Praia (CABRAL), 6 heures Paris\/Mindelo (C\u00e9saria Evora), [&hellip;]<\/p>\n","protected":false},"author":1,"featured_media":0,"parent":0,"menu_order":5,"comment_status":"closed","ping_status":"closed","template":"","meta":[],"_links":{"self":[{"href":"http:\/\/aucapvert.com\/index.php?rest_route=\/wp\/v2\/pages\/503"}],"collection":[{"href":"http:\/\/aucapvert.com\/index.php?rest_route=\/wp\/v2\/pages"}],"about":[{"href":"http:\/\/aucapvert.com\/index.php?rest_route=\/wp\/v2\/types\/page"}],"author":[{"embeddable":true,"href":"http:\/\/aucapvert.com\/index.php?rest_route=\/wp\/v2\/users\/1"}],"replies":[{"embeddable":true,"href":"http:\/\/aucapvert.com\/index.php?rest_route=%2Fwp%2Fv2%2Fcomments&post=503"}],"version-history":[{"count":3,"href":"http:\/\/aucapvert.com\/index.php?rest_route=\/wp\/v2\/pages\/503\/revisions"}],"predecessor-version":[{"id":601,"href":"http:\/\/aucapvert.com\/index.php?rest_route=\/wp\/v2\/pages\/503\/revisions\/601"}],"wp:attachment":[{"href":"http:\/\/aucapvert.com\/index.php?rest_route=%2Fwp%2Fv2%2Fmedia&parent=503"}],"curies":[{"name":"wp","href":"https:\/\/api.w.org\/{rel}","templated":true}]}}