{"id":61,"date":"2021-02-11T15:02:47","date_gmt":"2021-02-11T14:02:47","guid":{"rendered":"http:\/\/aucapvert.com\/?page_id=61"},"modified":"2021-02-11T15:02:47","modified_gmt":"2021-02-11T14:02:47","slug":"fogo","status":"publish","type":"page","link":"http:\/\/aucapvert.com\/?page_id=61","title":{"rendered":"Fogo"},"content":{"rendered":"<style type=\"text\/css\">\r\n\t.ads_top_disp{}\r\n\t.ads_top_corner_disp{ float:left; margin:0px 10px 10px 0px; }\r\n\t.ads_first_p_disp{}\r\n\t.ads_bottom_disp{}\r\n\t<\/style>\n<div class=\"wp-block-image\"><figure class=\"alignright\"><img loading=\"lazy\" width=\"424\" height=\"278\" src=\"http:\/\/aucapvert.com\/wp-content\/uploads\/2019\/04\/brava_3.jpg\" alt=\"\" class=\"wp-image-229\" srcset=\"http:\/\/aucapvert.com\/wp-content\/uploads\/2019\/04\/brava_3.jpg 424w, http:\/\/aucapvert.com\/wp-content\/uploads\/2019\/04\/brava_3-300x197.jpg 300w, http:\/\/aucapvert.com\/wp-content\/uploads\/2019\/04\/brava_3-229x150.jpg 229w\" sizes=\"(max-width: 424px) 100vw, 424px\" \/><\/figure><\/div>\n\n\n\n<p>Comment y arriver <br>\nL\u2019a\u00e9roport se trouve \u00e0 Sao Filipe \u00e0 environ 2km de la ville et le port se\ntrouve \u00e0 Vale dos Cavaleiros (appel\u00e9 localement Barc\u2019 a Bal\u00earo).&nbsp;&nbsp; <\/p>\n\n\n\n<figure class=\"wp-block-table\"><table><tbody><tr><td>\n  <strong>L\u2019\u00eele\n  de Fogo, <\/strong><strong>initialement appel\u00e9e S\u00e3o Filipe<\/strong>,a \u00e9t\u00e9 d\u00e9couverte en 1460 et la proximit\u00e9 avec Santiago\n  fait qu\u2019elle est la seconde \u00eele la plus peupl\u00e9e. L\u2019\u00eele a la forme d\u2019un\n  volcan, lequel continue d\u2019\u00eatre actif; sa derni\u00e8re \u00e9ruption date d\u2019avril 1995.\n  L\u2019\u00eele a 476 km2 et le pic du volcan est le point le plus haut de l\u2019Archipel\n  avec 2829 m\u00e8tres.L\u2019\u00eele\n  de Fogo a eu une grande importance dans l\u2019\u00e9conomie capverdienne pendant les\n  ann\u00e9es suivant sa d\u00e9couverte, avec une activit\u00e9 compl\u00e9mentaire de l\u2019activit\u00e9\n  agricole de Santiago; le coton y \u00e9tait effectivement cultiv\u00e9 et transform\u00e9 en\n  monnaie d\u2019achat d\u2019esclaves de la c\u00f4te africaine, \u00e0 la suite de la d\u00e9cision de\n  la Couronne portugaise stipulant que les esclaves ne pouvaient \u00eatre rachet\u00e9s\n  qu\u2019avec les produits issus de l\u2019Archipel. Les v\u00eatements fabriqu\u00e9s avec ce\n  coton \u00e9taient \u00e9galement tr\u00e8s recherch\u00e9s. Des s\u00e9cheresses successives, comme\n  dans les autres \u00eeles, ont \u00e9t\u00e9 \u00e0 l\u2019origine d\u2019une recherche pour une vie\n  meilleure. Le passage fr\u00e9quent de baleiniers am\u00e9ricains, \u00e0 la recherche de\n  ravitaillement et de main-d\u2019\u0153uvre dans l\u2019\u00eele de Brava, fin du XVIIIe si\u00e8cle\n  et pendant le XIXe si\u00e8cle, ont conduit des natifs des deux \u00eeles \u00e0 \u00e9migrer aux\n  Etats-Unis. \n  <\/td><\/tr><\/tbody><\/table><\/figure>\n","protected":false},"excerpt":{"rendered":"<p>Comment y arriver L\u2019a\u00e9roport se trouve \u00e0 Sao Filipe \u00e0 environ 2km de la ville et le port se trouve \u00e0 Vale dos Cavaleiros (appel\u00e9 localement Barc\u2019 a Bal\u00earo).&nbsp;&nbsp; L\u2019\u00eele de Fogo, initialement appel\u00e9e S\u00e3o Filipe,a \u00e9t\u00e9 d\u00e9couverte en 1460 et la proximit\u00e9 avec Santiago fait qu\u2019elle est la seconde \u00eele la plus peupl\u00e9e. L\u2019\u00eele [&hellip;]<\/p>\n","protected":false},"author":1,"featured_media":230,"parent":50,"menu_order":2,"comment_status":"closed","ping_status":"closed","template":"","meta":[],"_links":{"self":[{"href":"http:\/\/aucapvert.com\/index.php?rest_route=\/wp\/v2\/pages\/61"}],"collection":[{"href":"http:\/\/aucapvert.com\/index.php?rest_route=\/wp\/v2\/pages"}],"about":[{"href":"http:\/\/aucapvert.com\/index.php?rest_route=\/wp\/v2\/types\/page"}],"author":[{"embeddable":true,"href":"http:\/\/aucapvert.com\/index.php?rest_route=\/wp\/v2\/users\/1"}],"replies":[{"embeddable":true,"href":"http:\/\/aucapvert.com\/index.php?rest_route=%2Fwp%2Fv2%2Fcomments&post=61"}],"version-history":[{"count":3,"href":"http:\/\/aucapvert.com\/index.php?rest_route=\/wp\/v2\/pages\/61\/revisions"}],"predecessor-version":[{"id":540,"href":"http:\/\/aucapvert.com\/index.php?rest_route=\/wp\/v2\/pages\/61\/revisions\/540"}],"up":[{"embeddable":true,"href":"http:\/\/aucapvert.com\/index.php?rest_route=\/wp\/v2\/pages\/50"}],"wp:featuredmedia":[{"embeddable":true,"href":"http:\/\/aucapvert.com\/index.php?rest_route=\/wp\/v2\/media\/230"}],"wp:attachment":[{"href":"http:\/\/aucapvert.com\/index.php?rest_route=%2Fwp%2Fv2%2Fmedia&parent=61"}],"curies":[{"name":"wp","href":"https:\/\/api.w.org\/{rel}","templated":true}]}}