{"id":67,"date":"2021-02-11T15:04:41","date_gmt":"2021-02-11T14:04:41","guid":{"rendered":"http:\/\/aucapvert.com\/?page_id=67"},"modified":"2021-02-11T15:04:41","modified_gmt":"2021-02-11T14:04:41","slug":"sal","status":"publish","type":"page","link":"http:\/\/aucapvert.com\/?page_id=67","title":{"rendered":"Sal"},"content":{"rendered":"<style type=\"text\/css\">\r\n\t.ads_top_disp{}\r\n\t.ads_top_corner_disp{ float:left; margin:0px 10px 10px 0px; }\r\n\t.ads_first_p_disp{}\r\n\t.ads_bottom_disp{}\r\n\t<\/style>\n<div class=\"wp-block-image\"><figure class=\"alignright is-resized\"><img loading=\"lazy\" src=\"http:\/\/aucapvert.com\/wp-content\/uploads\/2019\/04\/Ila-do-Sal-1.jpg\" alt=\"\" class=\"wp-image-240\" width=\"480\" height=\"360\" srcset=\"http:\/\/aucapvert.com\/wp-content\/uploads\/2019\/04\/Ila-do-Sal-1.jpg 640w, http:\/\/aucapvert.com\/wp-content\/uploads\/2019\/04\/Ila-do-Sal-1-300x225.jpg 300w, http:\/\/aucapvert.com\/wp-content\/uploads\/2019\/04\/Ila-do-Sal-1-200x150.jpg 200w\" sizes=\"(max-width: 480px) 100vw, 480px\" \/><\/figure><\/div>\n\n\n\n<p><strong>L\u2019Ila do Sal, <\/strong><strong>c\u2019est l\u2019\u00eele la plus plate de tout\nl\u2019archipel<\/strong> o\u00f9 le Monte Grande, de 406 m\u00e8tres, est sa plus\nhaute altitude. L\u2019\u00eele \u00e0 216 km2, et son extension maximum est de 30 km dans le sens nord\/sud\net 12 km\ndans le sens est\/ouest. Son nom est d\u00fb \u00e0 l\u2019existence de salines dont\nl\u2019exploitation et l\u2019exportation ont favoris\u00e9 le d\u00e9veloppement. <br>\nAvec la construction de l\u2019A\u00e9roport international, au milieu du XXe si\u00e8cle,\nl\u2019\u00e9conomie de l\u2019\u00eele de Sal s\u2019est d\u00e9velopp\u00e9e, sa population a augment\u00e9 et le\ntourisme s\u2019est amplifi\u00e9 de fa\u00e7on significative. La population dans la derni\u00e8re\nd\u00e9cennie a presque doubl\u00e9 et elle est aujourd\u2019hui la seconde du pays en\nincidence urbaine (environ 89 %).C\u2019est une \u00eele tr\u00e8s st\u00e9rile avec une \u00e9rosion\naccentu\u00e9e et des conditions climatiques tr\u00e8s arides. <br>\nMais l\u2019aspect dess\u00e9ch\u00e9 ne doit pas \u00eatre pris en compte, car l\u2019enchantement de\nl\u2019\u00eele de Sal se fait sentir \u00e0 partir du moment o\u00f9 on entreprend le voyage dans\nle sud de l\u2019\u00eele. La plage de sable blanc de Santa Maria et une mer propice \u00e0 la\nd\u00e9tente et aux sports nautiques les plus vari\u00e9s, subjuguent immanquablement les\narrivants. Il existe d\u2019autres endroits qui font de l\u2019\u00eele de Sal un point\ntouristique par excellence. <\/p>\n\n\n\n<p><strong>Comment y arriver<\/strong><strong> <\/strong><br>\nL\u2019A\u00e9roport international Amilcar Cabral accueille des vols de l\u2019Am\u00e9rique du\nNord, de l\u2019Am\u00e9rique du Sud, de l\u2019Europe et d\u2019Afrique. De l\u2019\u00eele de Sal partent\ndes vols directs pour les \u00eeles de Sao Vicente, Sao Nicolau, Boavista et\nSantiago.Le port de Palmeira accueille des bateaux de plaisance.<\/p>\n","protected":false},"excerpt":{"rendered":"<p>L\u2019Ila do Sal, c\u2019est l\u2019\u00eele la plus plate de tout l\u2019archipel o\u00f9 le Monte Grande, de 406 m\u00e8tres, est sa plus haute altitude. L\u2019\u00eele \u00e0 216 km2, et son extension maximum est de 30 km dans le sens nord\/sud et 12 km dans le sens est\/ouest. Son nom est d\u00fb \u00e0 l\u2019existence de salines dont [&hellip;]<\/p>\n","protected":false},"author":1,"featured_media":254,"parent":50,"menu_order":4,"comment_status":"closed","ping_status":"closed","template":"","meta":[],"_links":{"self":[{"href":"http:\/\/aucapvert.com\/index.php?rest_route=\/wp\/v2\/pages\/67"}],"collection":[{"href":"http:\/\/aucapvert.com\/index.php?rest_route=\/wp\/v2\/pages"}],"about":[{"href":"http:\/\/aucapvert.com\/index.php?rest_route=\/wp\/v2\/types\/page"}],"author":[{"embeddable":true,"href":"http:\/\/aucapvert.com\/index.php?rest_route=\/wp\/v2\/users\/1"}],"replies":[{"embeddable":true,"href":"http:\/\/aucapvert.com\/index.php?rest_route=%2Fwp%2Fv2%2Fcomments&post=67"}],"version-history":[{"count":4,"href":"http:\/\/aucapvert.com\/index.php?rest_route=\/wp\/v2\/pages\/67\/revisions"}],"predecessor-version":[{"id":542,"href":"http:\/\/aucapvert.com\/index.php?rest_route=\/wp\/v2\/pages\/67\/revisions\/542"}],"up":[{"embeddable":true,"href":"http:\/\/aucapvert.com\/index.php?rest_route=\/wp\/v2\/pages\/50"}],"wp:featuredmedia":[{"embeddable":true,"href":"http:\/\/aucapvert.com\/index.php?rest_route=\/wp\/v2\/media\/254"}],"wp:attachment":[{"href":"http:\/\/aucapvert.com\/index.php?rest_route=%2Fwp%2Fv2%2Fmedia&parent=67"}],"curies":[{"name":"wp","href":"https:\/\/api.w.org\/{rel}","templated":true}]}}