{"id":75,"date":"2021-02-11T15:06:02","date_gmt":"2021-02-11T14:06:02","guid":{"rendered":"http:\/\/aucapvert.com\/?page_id=75"},"modified":"2021-03-30T18:28:52","modified_gmt":"2021-03-30T16:28:52","slug":"75-2","status":"publish","type":"page","link":"http:\/\/aucapvert.com\/?page_id=75","title":{"rendered":"S\u00e3o Vicente"},"content":{"rendered":"<style type=\"text\/css\">\r\n\t.ads_top_disp{}\r\n\t.ads_top_corner_disp{ float:left; margin:0px 10px 10px 0px; }\r\n\t.ads_first_p_disp{}\r\n\t.ads_bottom_disp{}\r\n\t<\/style>\n<p><strong>L\u2019\u00eele de S\u00e3o Vicente,<\/strong> elle est parfois appel\u00e9e Mindelo, elle a une superficie de 227 km2 et, en ce qui concerne la population, c\u2019est la seconde \u00eele du pays. Sa plus grande distance est de 24 km dans le sens est\/ouest et 16 km dans le sens nord\/sud. L\u2019\u00eele est demeur\u00e9e pratiquement inhabit\u00e9e jusqu\u2019au d\u00e9but du XIXe si\u00e8cle. Le d\u00e9veloppement de la r\u00e9gion, en 1838, est d\u00fb \u00e0 l\u2019existence du port, o\u00f9 les anglais ont \u00e9tabli un d\u00e9p\u00f4t de charbon pour le r\u00e9approvisionnement des navires fr\u00e9quentant les voies maritimes de l\u2019Atlantique. <br> Malgr\u00e9 son origine volcanique, l\u2019\u00eele est mi-plaine, et le Monte Verde ne culmine qu\u2019\u00e0 774 m\u00e8tres. L\u2019absence de pr\u00e9cipitations, la pauvret\u00e9 en ressources naturelles font que le d\u00e9veloppement \u00e9conomique est bas\u00e9 sur le commerce et la prestation de services. <\/p>\n\n\n\n<figure class=\"wp-block-image\"><img loading=\"lazy\" width=\"1024\" height=\"325\" src=\"http:\/\/aucapvert.com\/wp-content\/uploads\/2019\/04\/Sao-Vicente-1024x325.jpg\" alt=\"\" class=\"wp-image-219\" srcset=\"http:\/\/aucapvert.com\/wp-content\/uploads\/2019\/04\/Sao-Vicente-1024x325.jpg 1024w, http:\/\/aucapvert.com\/wp-content\/uploads\/2019\/04\/Sao-Vicente-300x95.jpg 300w, http:\/\/aucapvert.com\/wp-content\/uploads\/2019\/04\/Sao-Vicente-768x244.jpg 768w, http:\/\/aucapvert.com\/wp-content\/uploads\/2019\/04\/Sao-Vicente.jpg 1200w\" sizes=\"(max-width: 1024px) 100vw, 1024px\" \/><\/figure>\n\n\n\n<p><strong>Comment y arriver,<\/strong><em> <\/em><\/p>\n\n\n\n<p><em>l\u2019\u00eele de <\/em><strong>S\u00e3o Vicente,<\/strong><em> poss\u00e8de un a\u00e9roport international(C\u00e9saria Evora), qui re\u00e7oit des vols nationaux et internationaux. <\/em><em>\n<br><\/em><em>Le port accueille plusieurs types de bateaux passagers et commerciaux. <\/em>L\u2019\u00eele poss\u00e8de plusieurs choix en mati\u00e8re de logement H\u00f4tels dans la ville de Mindelo et \u00e9galement \u00e0 S. Pedro et \u00e0 Baia das Gatas. Pour visite\nMindelo propose plusieurs sites dont la visite est recommand\u00e9e. La ville est bien entretenue, les rues bien align\u00e9es et l\u2019architecture est marqu\u00e9e par la pr\u00e9sence portugaise et anglaise et par des monuments de l\u2019\u00e9poque coloniale. Mindelo est la ville des promenades. Le centre est un endroit tr\u00e8s anim\u00e9 surtout o\u00f9 abondent caf\u00e9 et bars. Beaucoup de places sont tr\u00e8s belles, en particulier Pra\u00e7a Nova (Pra\u00e7a Amilcar Cabral) o\u00f9 les fins d\u2019apr\u00e8s-midi et les soir\u00e9es sont toujours tr\u00e8s anim\u00e9es, une sorte de point de rencontre pour la vie nocturne. L\u2019Eglise de N.Sra. Da Luz construite en 1862, et la Pra\u00e7a Estrela Fortim d\u2019El Rei un petit fort situ\u00e9 dans la partie haute de la ville, construit en 1852, on aura une vue de la ville et de Porto Grande. La Torre de Bel\u00e9m (copie faite en hommage \u00e0 celle du Portugal) o\u00f9 est \u00e9tablie la Capitainerie des Ports, construite en 1920 m\u00e9rite \u00e9galement d\u2019\u00eatre visit\u00e9e. Le b\u00e2timent qui abrite le Centre national d\u2019artisanat de S\u00e3o Vicente a \u00e9t\u00e9, au d\u00e9but du XXe si\u00e8cle, le premier Lyc\u00e9e de l\u2019\u00eele. Vous aurez l\u2019occasion de constater l\u2019intense vie culturelle o\u00f9 des \u00e9v\u00e9nements et des expositions sont organis\u00e9s au Centre Culturel de Mindelo et au Centre Culturel Portugais. Quelques lieux \u00e0 voir absolument: Palace du peuple(ancien palais du gouverneur espace exposition histoire), Ilh\u00e9u dos Passaros, Ponta Jo\u00e3o Ribeiro, Phare de Dona Am\u00e9lia, Plage de Baca da Lapa, Pico do Vento (montagne), Centro Nacional de Artisanato, Calhau Monte S\u00e3o Jo\u00e3o (montagne), Praia Flamengos, Viana(volcan), Monte Cara, Praia de Matiota, Praia de Laginha, Monte Verde (point culminant de l&rsquo;\u00eele), Mercado Municipal (march\u00e9 municipal), Ponta de Agua, Cemit\u00e9rio de Mindelo, Tour de Bel\u00e9m (mus\u00e9e de la mer).<\/p>\n","protected":false},"excerpt":{"rendered":"<p>L\u2019\u00eele de S\u00e3o Vicente, elle est parfois appel\u00e9e Mindelo, elle a une superficie de 227 km2 et, en ce qui concerne la population, c\u2019est la seconde \u00eele du pays. Sa plus grande distance est de 24 km dans le sens est\/ouest et 16 km dans le sens nord\/sud. L\u2019\u00eele est demeur\u00e9e pratiquement inhabit\u00e9e jusqu\u2019au d\u00e9but [&hellip;]<\/p>\n","protected":false},"author":1,"featured_media":209,"parent":50,"menu_order":8,"comment_status":"closed","ping_status":"closed","template":"","meta":[],"_links":{"self":[{"href":"http:\/\/aucapvert.com\/index.php?rest_route=\/wp\/v2\/pages\/75"}],"collection":[{"href":"http:\/\/aucapvert.com\/index.php?rest_route=\/wp\/v2\/pages"}],"about":[{"href":"http:\/\/aucapvert.com\/index.php?rest_route=\/wp\/v2\/types\/page"}],"author":[{"embeddable":true,"href":"http:\/\/aucapvert.com\/index.php?rest_route=\/wp\/v2\/users\/1"}],"replies":[{"embeddable":true,"href":"http:\/\/aucapvert.com\/index.php?rest_route=%2Fwp%2Fv2%2Fcomments&post=75"}],"version-history":[{"count":5,"href":"http:\/\/aucapvert.com\/index.php?rest_route=\/wp\/v2\/pages\/75\/revisions"}],"predecessor-version":[{"id":606,"href":"http:\/\/aucapvert.com\/index.php?rest_route=\/wp\/v2\/pages\/75\/revisions\/606"}],"up":[{"embeddable":true,"href":"http:\/\/aucapvert.com\/index.php?rest_route=\/wp\/v2\/pages\/50"}],"wp:featuredmedia":[{"embeddable":true,"href":"http:\/\/aucapvert.com\/index.php?rest_route=\/wp\/v2\/media\/209"}],"wp:attachment":[{"href":"http:\/\/aucapvert.com\/index.php?rest_route=%2Fwp%2Fv2%2Fmedia&parent=75"}],"curies":[{"name":"wp","href":"https:\/\/api.w.org\/{rel}","templated":true}]}}