{"id":84,"date":"2021-02-11T15:10:33","date_gmt":"2021-02-11T14:10:33","guid":{"rendered":"http:\/\/aucapvert.com\/?page_id=84"},"modified":"2021-03-24T13:35:01","modified_gmt":"2021-03-24T12:35:01","slug":"sao-nicolau","status":"publish","type":"page","link":"http:\/\/aucapvert.com\/?page_id=84","title":{"rendered":"S\u00e3o Nicolau"},"content":{"rendered":"<style type=\"text\/css\">\r\n\t.ads_top_disp{}\r\n\t.ads_top_corner_disp{ float:left; margin:0px 10px 10px 0px; }\r\n\t.ads_first_p_disp{}\r\n\t.ads_bottom_disp{}\r\n\t<\/style>\n<p>Il existe plusieurs possibilit\u00e9s, pensions, bungalows, \u00ab aparth\u00f4tels \u00bb, et h\u00f4tels de 1 \u00e0 2 \u00e9toiles. Toutes les \u00eeles disposent d\u2019infrastructures pour l\u2019h\u00e9bergement des touristes. Toutes les structures acceptent des cartes de cr\u00e9dit internationales leur utilisation aujourd\u2019hui g\u00e9n\u00e9ralis\u00e9e dans le pays. Les devises restent le choix d\u2019un grand nombre de touristes ce qui n\u2019exclut pas l\u2019utilisation de traveller\u2019s ch\u00e8ques.<\/p>\n\n\n\n<p>Le courant \u00e9lectrique est de 220 volts. Aucun adaptateur n\u2019est n\u00e9cessaire pour les appareils apport\u00e9s d\u2019Europe. Merci de nous contacter.<\/p>\n","protected":false},"excerpt":{"rendered":"<p>Il existe plusieurs possibilit\u00e9s, pensions, bungalows, \u00ab aparth\u00f4tels \u00bb, et h\u00f4tels de 1 \u00e0 2 \u00e9toiles. Toutes les \u00eeles disposent d\u2019infrastructures pour l\u2019h\u00e9bergement des touristes. Toutes les structures acceptent des cartes de cr\u00e9dit internationales leur utilisation aujourd\u2019hui g\u00e9n\u00e9ralis\u00e9e dans le pays. Les devises restent le choix d\u2019un grand nombre de touristes ce qui n\u2019exclut pas [&hellip;]<\/p>\n","protected":false},"author":1,"featured_media":0,"parent":52,"menu_order":3,"comment_status":"closed","ping_status":"closed","template":"","meta":[],"_links":{"self":[{"href":"http:\/\/aucapvert.com\/index.php?rest_route=\/wp\/v2\/pages\/84"}],"collection":[{"href":"http:\/\/aucapvert.com\/index.php?rest_route=\/wp\/v2\/pages"}],"about":[{"href":"http:\/\/aucapvert.com\/index.php?rest_route=\/wp\/v2\/types\/page"}],"author":[{"embeddable":true,"href":"http:\/\/aucapvert.com\/index.php?rest_route=\/wp\/v2\/users\/1"}],"replies":[{"embeddable":true,"href":"http:\/\/aucapvert.com\/index.php?rest_route=%2Fwp%2Fv2%2Fcomments&post=84"}],"version-history":[{"count":2,"href":"http:\/\/aucapvert.com\/index.php?rest_route=\/wp\/v2\/pages\/84\/revisions"}],"predecessor-version":[{"id":570,"href":"http:\/\/aucapvert.com\/index.php?rest_route=\/wp\/v2\/pages\/84\/revisions\/570"}],"up":[{"embeddable":true,"href":"http:\/\/aucapvert.com\/index.php?rest_route=\/wp\/v2\/pages\/52"}],"wp:attachment":[{"href":"http:\/\/aucapvert.com\/index.php?rest_route=%2Fwp%2Fv2%2Fmedia&parent=84"}],"curies":[{"name":"wp","href":"https:\/\/api.w.org\/{rel}","templated":true}]}}