{"id":97,"date":"2019-04-03T19:36:40","date_gmt":"2019-04-03T17:36:40","guid":{"rendered":"http:\/\/aucapvert.com\/?page_id=97"},"modified":"2019-05-19T17:27:38","modified_gmt":"2019-05-19T15:27:38","slug":"boa-vista-2","status":"publish","type":"page","link":"http:\/\/aucapvert.com\/?page_id=97","title":{"rendered":"Boa Vista"},"content":{"rendered":"<style type=\"text\/css\">\r\n\t.ads_top_disp{}\r\n\t.ads_top_corner_disp{ float:left; margin:0px 10px 10px 0px; }\r\n\t.ads_first_p_disp{}\r\n\t.ads_bottom_disp{}\r\n\t<\/style>\n<div class=\"wp-block-image\"><figure class=\"alignleft is-resized\"><img loading=\"lazy\" src=\"http:\/\/aucapvert.com\/wp-content\/uploads\/2019\/04\/boiavista_03.jpg\" alt=\"\" class=\"wp-image-223\" width=\"400\" height=\"300\" srcset=\"http:\/\/aucapvert.com\/wp-content\/uploads\/2019\/04\/boiavista_03.jpg 640w, http:\/\/aucapvert.com\/wp-content\/uploads\/2019\/04\/boiavista_03-300x225.jpg 300w, http:\/\/aucapvert.com\/wp-content\/uploads\/2019\/04\/boiavista_03-200x150.jpg 200w\" sizes=\"(max-width: 400px) 100vw, 400px\" \/><figcaption>Boavista<\/figcaption><\/figure><\/div>\n\n\n\n<p>Il existe plusieurs possibilit\u00e9s, pensions,\nbungalows, \u00ab&nbsp;aparth\u00f4tels&nbsp;\u00bb, et h\u00f4tels de 1 \u00e0 5 \u00e9toiles. Toutes les\n\u00eeles disposent d\u2019infrastructures pour l\u2019h\u00e9bergement des touristes. Quelques\nunit\u00e9s h\u00f4teli\u00e8res acceptent des cartes de cr\u00e9dit internationales&nbsp;; leur\nutilisation aujourd\u2019hui g\u00e9n\u00e9ralis\u00e9e dans le pays. Les devises restent le choix\nd\u2019un grand nombre de touristes ce qui n\u2019exclut pas l\u2019utilisation de traveller\u2019s\nch\u00e8ques.<\/p>\n\n\n\n<p>Le courant \u00e9lectrique est de 220 volts. Aucun adaptateur n\u2019est n\u00e9cessaire pour les appareils apport\u00e9s d\u2019Europe. Merci de nous contacter.<\/p>\n","protected":false},"excerpt":{"rendered":"<p>Il existe plusieurs possibilit\u00e9s, pensions, bungalows, \u00ab&nbsp;aparth\u00f4tels&nbsp;\u00bb, et h\u00f4tels de 1 \u00e0 5 \u00e9toiles. Toutes les \u00eeles disposent d\u2019infrastructures pour l\u2019h\u00e9bergement des touristes. Quelques unit\u00e9s h\u00f4teli\u00e8res acceptent des cartes de cr\u00e9dit internationales&nbsp;; leur utilisation aujourd\u2019hui g\u00e9n\u00e9ralis\u00e9e dans le pays. Les devises restent le choix d\u2019un grand nombre de touristes ce qui n\u2019exclut pas l\u2019utilisation de [&hellip;]<\/p>\n","protected":false},"author":1,"featured_media":223,"parent":50,"menu_order":2,"comment_status":"closed","ping_status":"closed","template":"","meta":[],"_links":{"self":[{"href":"http:\/\/aucapvert.com\/index.php?rest_route=\/wp\/v2\/pages\/97"}],"collection":[{"href":"http:\/\/aucapvert.com\/index.php?rest_route=\/wp\/v2\/pages"}],"about":[{"href":"http:\/\/aucapvert.com\/index.php?rest_route=\/wp\/v2\/types\/page"}],"author":[{"embeddable":true,"href":"http:\/\/aucapvert.com\/index.php?rest_route=\/wp\/v2\/users\/1"}],"replies":[{"embeddable":true,"href":"http:\/\/aucapvert.com\/index.php?rest_route=%2Fwp%2Fv2%2Fcomments&post=97"}],"version-history":[{"count":3,"href":"http:\/\/aucapvert.com\/index.php?rest_route=\/wp\/v2\/pages\/97\/revisions"}],"predecessor-version":[{"id":479,"href":"http:\/\/aucapvert.com\/index.php?rest_route=\/wp\/v2\/pages\/97\/revisions\/479"}],"up":[{"embeddable":true,"href":"http:\/\/aucapvert.com\/index.php?rest_route=\/wp\/v2\/pages\/50"}],"wp:featuredmedia":[{"embeddable":true,"href":"http:\/\/aucapvert.com\/index.php?rest_route=\/wp\/v2\/media\/223"}],"wp:attachment":[{"href":"http:\/\/aucapvert.com\/index.php?rest_route=%2Fwp%2Fv2%2Fmedia&parent=97"}],"curies":[{"name":"wp","href":"https:\/\/api.w.org\/{rel}","templated":true}]}}